{"id":7674,"date":"2026-01-17T19:28:43","date_gmt":"2026-01-17T17:28:43","guid":{"rendered":"https:\/\/palangavisit.lt\/?page_id=7674"},"modified":"2026-02-06T13:27:07","modified_gmt":"2026-02-06T11:27:07","slug":"poilsis-palangoje-ilgas-savaitgalis-be-apribojimu","status":"publish","type":"page","link":"https:\/\/palangavisit.lt\/lv\/poilsis-palangoje-ilgas-savaitgalis-be-apribojimu\/","title":{"rendered":"Poilsis Palangoje \u2013 specialus ilgojo savaitgalio prie j\u016bros pasi\u016blymas be apribojim\u0173!"},"content":{"rendered":"","protected":false},"excerpt":{"rendered":"","protected":false},"author":6,"featured_media":0,"parent":0,"menu_order":0,"comment_status":"closed","ping_status":"closed","template":"","meta":{"footnotes":""},"class_list":["post-7674","page","type-page","status-publish","hentry"],"_links":{"self":[{"href":"https:\/\/palangavisit.lt\/lv\/wp-json\/wp\/v2\/pages\/7674","targetHints":{"allow":["GET"]}}],"collection":[{"href":"https:\/\/palangavisit.lt\/lv\/wp-json\/wp\/v2\/pages"}],"about":[{"href":"https:\/\/palangavisit.lt\/lv\/wp-json\/wp\/v2\/types\/page"}],"author":[{"embeddable":true,"href":"https:\/\/palangavisit.lt\/lv\/wp-json\/wp\/v2\/users\/6"}],"replies":[{"embeddable":true,"href":"https:\/\/palangavisit.lt\/lv\/wp-json\/wp\/v2\/comments?post=7674"}],"version-history":[{"count":4,"href":"https:\/\/palangavisit.lt\/lv\/wp-json\/wp\/v2\/pages\/7674\/revisions"}],"predecessor-version":[{"id":7777,"href":"https:\/\/palangavisit.lt\/lv\/wp-json\/wp\/v2\/pages\/7674\/revisions\/7777"}],"wp:attachment":[{"href":"https:\/\/palangavisit.lt\/lv\/wp-json\/wp\/v2\/media?parent=7674"}],"curies":[{"name":"wp","href":"https:\/\/api.w.org\/{rel}","templated":true}]}}