{"id":7563,"date":"2025-12-09T19:07:32","date_gmt":"2025-12-09T17:07:32","guid":{"rendered":"https:\/\/palangavisit.lt\/?page_id=7563"},"modified":"2025-12-12T11:40:18","modified_gmt":"2025-12-12T09:40:18","slug":"naujieji-metai-palangoje-2026-specialus-pasiulymas","status":"publish","type":"page","link":"https:\/\/palangavisit.lt\/lv\/naujieji-metai-palangoje-2026-specialus-pasiulymas\/","title":{"rendered":"Jaunais gads Palang\u0101 2026 - \u012bpa\u0161ais pied\u0101v\u0101jums"},"content":{"rendered":"","protected":false},"excerpt":{"rendered":"","protected":false},"author":6,"featured_media":0,"parent":0,"menu_order":0,"comment_status":"closed","ping_status":"closed","template":"","meta":{"footnotes":""},"class_list":["post-7563","page","type-page","status-publish","hentry"],"_links":{"self":[{"href":"https:\/\/palangavisit.lt\/lv\/wp-json\/wp\/v2\/pages\/7563","targetHints":{"allow":["GET"]}}],"collection":[{"href":"https:\/\/palangavisit.lt\/lv\/wp-json\/wp\/v2\/pages"}],"about":[{"href":"https:\/\/palangavisit.lt\/lv\/wp-json\/wp\/v2\/types\/page"}],"author":[{"embeddable":true,"href":"https:\/\/palangavisit.lt\/lv\/wp-json\/wp\/v2\/users\/6"}],"replies":[{"embeddable":true,"href":"https:\/\/palangavisit.lt\/lv\/wp-json\/wp\/v2\/comments?post=7563"}],"version-history":[{"count":9,"href":"https:\/\/palangavisit.lt\/lv\/wp-json\/wp\/v2\/pages\/7563\/revisions"}],"predecessor-version":[{"id":7580,"href":"https:\/\/palangavisit.lt\/lv\/wp-json\/wp\/v2\/pages\/7563\/revisions\/7580"}],"wp:attachment":[{"href":"https:\/\/palangavisit.lt\/lv\/wp-json\/wp\/v2\/media?parent=7563"}],"curies":[{"name":"wp","href":"https:\/\/api.w.org\/{rel}","templated":true}]}}