{"id":2751,"date":"2024-03-30T15:59:40","date_gmt":"2024-03-30T13:59:40","guid":{"rendered":"https:\/\/www1.palangavisit.lt\/pasiulymai\/"},"modified":"2026-01-11T20:30:31","modified_gmt":"2026-01-11T18:30:31","slug":"pasiulymai-poilsis-palangoje-apartamentai-ir-spa","status":"publish","type":"page","link":"https:\/\/palangavisit.lt\/lv\/pasiulymai-poilsis-palangoje-apartamentai-ir-spa\/","title":{"rendered":"Ieteikumi"},"content":{"rendered":"<div class=\"wrap plugin-container\">\n\n\t\n\t\n\t<h3 class=\"vbclistheadt\">Paketes un pied\u0101v\u0101jumi<\/h3>\n<div class=\"vbo-pkglist-container\">\n\t\t<div class=\"vbo-pkglist-pkg\">\n\t\t<div class=\"vbo-pkglist-pkg-bone\">\n\t\t\t\t\t<div class=\"vbo-pkglist-pkg-img\">\n\t\t\t\t<img decoding=\"async\" src=\"https:\/\/palangavisit.lt\/wp-content\/plugins\/vikbooking\/site\/resources\/uploads\/thumb_romantiskas_savaitgalis.webp\" alt=\"Romanti\u0161kas savaitgalis dviems\" \/>\n\t\t\t<\/div>\n\t\t\t\t\t<\/div>\n\t\t<div class=\"vbo-pkglist-pkg-btwo\">\n\t\t\t<div class=\"vbo-pkglist-pkg-name\">\n\t\t\t\t<h4>Romantiska ned\u0113\u013cas nogale diviem<\/h4>\n\t\t\t<\/div>\n\t\t\t<div class=\"vbo-pkglist-pkg-dates-cont\">\n\t\t\t\t<div class=\"vbo-pkglist-pkg-dates\">\n\t\t\t\t\t<i class=\"far fa-clock\"><\/i>\t\t\t\t\t<span class=\"vbo-pkglist-pkg-dates-lbl\">Der\u012bgums<\/span>\n\t\t\t\t\t<span class=\"vbo-pkglist-pkg-dates-ft\">2025-10-02 - 2026-04-30<\/span>\n\t\t\t\t<\/div>\n\t\t\t<\/div>\n\t\t\t<div class=\"vbo-pkglist-pkg-shortdescr\">Romantiskas br\u012bvdienas divat\u0101 pie j\u016bras - kas var b\u016bt lab\u0101ks? Palanga Visit Apartments &amp; SPA ir tikai da\u017eu min\u016b\u0161u g\u0101jiena att\u0101lum\u0101 no Baltijas j\u016bras, un t\u0101 ir lieliska vieta, kur aizb\u0113gt no pils\u0113tas burzmas un burzmas un izbaud\u012bt mieru un klusumu, k\u0101 ar\u012b priv\u0101ti pavad\u012bt laiku SPA zon\u0101, kur varat baud\u012bt saunu un d\u017eakuzi.<\/div>\n\t\t<\/div>\n\t\t<div class=\"vbo-pkglist-pkg-bthree\">\n\t\t\t<div class=\"vbo-pkglist-pkg-cost\">\n\t\t\t\t<span class=\"vbo-pkglist-pkg-price\"><span class=\"vbo_price\">189.00<\/span> <span class=\"vbo_currency\">\u20ac<\/span><\/span>\n\t\t\t\t<span class=\"vbo-pkglist-pkg-priceper\"><\/span>\n\t\t\t<\/div>\n\t\t\t<div class=\"vbo-pkglist-pkg-details\">\n\t\t\t\t<a class=\"btn vbo-pref-color-btn\" href=\"https:\/\/palangavisit.lt\/lv\/pasiulymai-poilsis-palangoje-apartamentai-ir-spa\/?option=com_vikbooking&amp;view=packagedetails&amp;pkgid=2\">S\u012bk\u0101ka inform\u0101cija<\/a>\n\t\t\t<\/div>\n\t\t\t\t\t<div class=\"vbo-pkglist-pkg-benefits\">\n\t\t\t\tPar visu ir padom\u0101ts!\t\t\t<\/div>\n\t\t\t\t\t<\/div>\n\t<\/div>\n\t\t\t<div class=\"vbo-pkglist-pkg\">\n\t\t<div class=\"vbo-pkglist-pkg-bone\">\n\t\t\t\t\t<div class=\"vbo-pkglist-pkg-img\">\n\t\t\t\t<img decoding=\"async\" src=\"https:\/\/palangavisit.lt\/wp-content\/plugins\/vikbooking\/site\/resources\/uploads\/thumb_spa-sauna-1.webp\" alt=\"\u201eRe-start\u201c poilsio programa\" \/>\n\t\t\t<\/div>\n\t\t\t\t\t<\/div>\n\t\t<div class=\"vbo-pkglist-pkg-btwo\">\n\t\t\t<div class=\"vbo-pkglist-pkg-name\">\n\t\t\t\t<h4>\"Atjauno\u0161anas br\u012bvdienu programma<\/h4>\n\t\t\t<\/div>\n\t\t\t<div class=\"vbo-pkglist-pkg-dates-cont\">\n\t\t\t\t<div class=\"vbo-pkglist-pkg-dates\">\n\t\t\t\t\t<i class=\"far fa-clock\"><\/i>\t\t\t\t\t<span class=\"vbo-pkglist-pkg-dates-lbl\">Der\u012bgums<\/span>\n\t\t\t\t\t<span class=\"vbo-pkglist-pkg-dates-ft\">2025-10-02 - 2026-04-30<\/span>\n\t\t\t\t<\/div>\n\t\t\t<\/div>\n\t\t\t<div class=\"vbo-pkglist-pkg-shortdescr\">Esat noguris, bet nav laika br\u012bvdien\u0101m? Palanga Visit Apartments &amp; SPA pied\u0101v\u0101 \u012bsu, bet efekt\u012bvu \"Re-start\" br\u012bvdienu programmu. Atp\u016btieties no rut\u012bnas, nomainiet vidi, atg\u016bstiet sp\u0113kus un atgriezieties darb\u0101 atp\u016btu\u0161ies! Sauna un d\u017eakuzi j\u016bs atp\u016bt\u012bs, nak\u0161\u0146o\u0161ana m\u0101j\u012bgos apartamentos pal\u012bdz\u0113s atp\u016bsties no garlaic\u012bgaj\u0101m m\u0101jas sien\u0101m, bet brokastis gult\u0101 pal\u012bdz\u0113s jums atp\u016bsties un izbaud\u012bt r\u012btu.<\/div>\n\t\t<\/div>\n\t\t<div class=\"vbo-pkglist-pkg-bthree\">\n\t\t\t<div class=\"vbo-pkglist-pkg-cost\">\n\t\t\t\t<span class=\"vbo-pkglist-pkg-price\"><span class=\"vbo_price\">149.00<\/span> <span class=\"vbo_currency\">\u20ac<\/span><\/span>\n\t\t\t\t<span class=\"vbo-pkglist-pkg-priceper\"><\/span>\n\t\t\t<\/div>\n\t\t\t<div class=\"vbo-pkglist-pkg-details\">\n\t\t\t\t<a class=\"btn vbo-pref-color-btn\" href=\"https:\/\/palangavisit.lt\/lv\/pasiulymai-poilsis-palangoje-apartamentai-ir-spa\/?option=com_vikbooking&amp;view=packagedetails&amp;pkgid=4\">S\u012bk\u0101ka inform\u0101cija<\/a>\n\t\t\t<\/div>\n\t\t\t\t<\/div>\n\t<\/div>\n\t\t\t<div class=\"vbo-pkglist-pkg\">\n\t\t<div class=\"vbo-pkglist-pkg-bone\">\n\t\t\t\t\t<div class=\"vbo-pkglist-pkg-img\">\n\t\t\t\t<img decoding=\"async\" src=\"https:\/\/palangavisit.lt\/wp-content\/plugins\/vikbooking\/site\/resources\/uploads\/thumb_spa_dviems.webp\" alt=\"Savaitgalio SPA dviems\" \/>\n\t\t\t<\/div>\n\t\t\t\t\t<\/div>\n\t\t<div class=\"vbo-pkglist-pkg-btwo\">\n\t\t\t<div class=\"vbo-pkglist-pkg-name\">\n\t\t\t\t<h4>Ned\u0113\u013cas nogales spa diviem<\/h4>\n\t\t\t<\/div>\n\t\t\t<div class=\"vbo-pkglist-pkg-dates-cont\">\n\t\t\t\t<div class=\"vbo-pkglist-pkg-dates\">\n\t\t\t\t\t<i class=\"far fa-clock\"><\/i>\t\t\t\t\t<span class=\"vbo-pkglist-pkg-dates-lbl\">Der\u012bgums<\/span>\n\t\t\t\t\t<span class=\"vbo-pkglist-pkg-dates-ft\">2025-10-02 - 2026-04-30<\/span>\n\t\t\t\t<\/div>\n\t\t\t<\/div>\n\t\t\t<div class=\"vbo-pkglist-pkg-shortdescr\">Ned\u0113\u013cas nogales spa ir lielisks veids, k\u0101 uz \u012bsu br\u012bdi izvair\u012bties no ikdienas stresa un spriedzes. \u012ass ned\u0113\u013cas nogales atva\u013cin\u0101jums, kura laik\u0101 varat atp\u016bsties spa un izbaud\u012bt mas\u0101\u017eu p\u0113c izv\u0113les, pal\u012bdz\u0113s jums atg\u016bt sp\u0113kus un justies spirdzin\u0101tam!<\/div>\n\t\t<\/div>\n\t\t<div class=\"vbo-pkglist-pkg-bthree\">\n\t\t\t<div class=\"vbo-pkglist-pkg-cost\">\n\t\t\t\t<span class=\"vbo-pkglist-pkg-price\"><span class=\"vbo_price\">299.00<\/span> <span class=\"vbo_currency\">\u20ac<\/span><\/span>\n\t\t\t\t<span class=\"vbo-pkglist-pkg-priceper\"><\/span>\n\t\t\t<\/div>\n\t\t\t<div class=\"vbo-pkglist-pkg-details\">\n\t\t\t\t<a class=\"btn vbo-pref-color-btn\" href=\"https:\/\/palangavisit.lt\/lv\/pasiulymai-poilsis-palangoje-apartamentai-ir-spa\/?option=com_vikbooking&amp;view=packagedetails&amp;pkgid=5\">S\u012bk\u0101ka inform\u0101cija<\/a>\n\t\t\t<\/div>\n\t\t\t\t<\/div>\n\t<\/div>\n\t\t\t<div class=\"vbo-pkglist-pkg\">\n\t\t<div class=\"vbo-pkglist-pkg-bone\">\n\t\t\t\t\t<div class=\"vbo-pkglist-pkg-img\">\n\t\t\t\t<img decoding=\"async\" src=\"https:\/\/palangavisit.lt\/wp-content\/plugins\/vikbooking\/site\/resources\/uploads\/thumb_karaliskas_poilsis_dviems.webp\" alt=\"Karali\u0161kas poilsis dviems\" \/>\n\t\t\t<\/div>\n\t\t\t\t\t<\/div>\n\t\t<div class=\"vbo-pkglist-pkg-btwo\">\n\t\t\t<div class=\"vbo-pkglist-pkg-name\">\n\t\t\t\t<h4>Karaliskas br\u012bvdienas diviem<\/h4>\n\t\t\t<\/div>\n\t\t\t<div class=\"vbo-pkglist-pkg-dates-cont\">\n\t\t\t\t<div class=\"vbo-pkglist-pkg-dates\">\n\t\t\t\t\t<i class=\"far fa-clock\"><\/i>\t\t\t\t\t<span class=\"vbo-pkglist-pkg-dates-lbl\">Der\u012bgums<\/span>\n\t\t\t\t\t<span class=\"vbo-pkglist-pkg-dates-ft\">2025-10-02 - 2026-04-30<\/span>\n\t\t\t\t<\/div>\n\t\t\t<\/div>\n\t\t\t<div class=\"vbo-pkglist-pkg-shortdescr\">Mier\u012bga ned\u0113\u013cas nogale j\u016bras krast\u0101, j\u016bra tikai da\u017eu min\u016b\u0161u g\u0101jiena att\u0101lum\u0101, brokastis numur\u0101, priv\u0101ts laiks d\u017eakuzi un saun\u0101, mas\u0101\u017ea p\u0113c j\u016bsu izv\u0113les un v\u0113l\u0101 izrakst\u012b\u0161an\u0101s - tas viss j\u016bs gaida, ja izv\u0113laties karaliskas br\u012bvdienas Palang\u0101 Visit Apartments &amp; SPA.<\/div>\n\t\t<\/div>\n\t\t<div class=\"vbo-pkglist-pkg-bthree\">\n\t\t\t<div class=\"vbo-pkglist-pkg-cost\">\n\t\t\t\t<span class=\"vbo-pkglist-pkg-price\"><span class=\"vbo_price\">359.00<\/span> <span class=\"vbo_currency\">\u20ac<\/span><\/span>\n\t\t\t\t<span class=\"vbo-pkglist-pkg-priceper\"><\/span>\n\t\t\t<\/div>\n\t\t\t<div class=\"vbo-pkglist-pkg-details\">\n\t\t\t\t<a class=\"btn vbo-pref-color-btn\" href=\"https:\/\/palangavisit.lt\/lv\/pasiulymai-poilsis-palangoje-apartamentai-ir-spa\/?option=com_vikbooking&amp;view=packagedetails&amp;pkgid=6\">S\u012bk\u0101ka inform\u0101cija<\/a>\n\t\t\t<\/div>\n\t\t\t\t\t<div class=\"vbo-pkglist-pkg-benefits\">\n\t\t\t\tViss iek\u013cauts\t\t\t<\/div>\n\t\t\t\t\t<\/div>\n\t<\/div>\n\t\t\t<div class=\"vbo-pkglist-pkg\">\n\t\t<div class=\"vbo-pkglist-pkg-bone\">\n\t\t\t\t\t<div class=\"vbo-pkglist-pkg-img\">\n\t\t\t\t<img decoding=\"async\" src=\"https:\/\/palangavisit.lt\/wp-content\/plugins\/vikbooking\/site\/resources\/uploads\/thumb_seimos_savaitgalis.webp\" alt=\"\u0160eimos savaitgalis\" \/>\n\t\t\t<\/div>\n\t\t\t\t\t<\/div>\n\t\t<div class=\"vbo-pkglist-pkg-btwo\">\n\t\t\t<div class=\"vbo-pkglist-pkg-name\">\n\t\t\t\t<h4>\u0122imenes ned\u0113\u013cas nogale<\/h4>\n\t\t\t<\/div>\n\t\t\t<div class=\"vbo-pkglist-pkg-dates-cont\">\n\t\t\t\t<div class=\"vbo-pkglist-pkg-dates\">\n\t\t\t\t\t<i class=\"far fa-clock\"><\/i>\t\t\t\t\t<span class=\"vbo-pkglist-pkg-dates-lbl\">Der\u012bgums<\/span>\n\t\t\t\t\t<span class=\"vbo-pkglist-pkg-dates-ft\">2025-10-02 - 2026-04-30<\/span>\n\t\t\t\t<\/div>\n\t\t\t<\/div>\n\t\t\t<div class=\"vbo-pkglist-pkg-shortdescr\">Atp\u016bta pla\u0161ajos apartamentos, mier\u012bgas pastaigas net\u0101lu eso\u0161aj\u0101 pludmal\u0113 un p\u0113c tam atp\u016bta priv\u0101taj\u0101 SPA zon\u0101 ar burbu\u013cvannu un saunu tikai j\u016bsu \u0123imenei - tas ir lielisks veids, k\u0101 pavad\u012bt ned\u0113\u013cas nogali un atp\u016bsties visai \u0123imenei pie j\u016bras Palang\u0101 Visit Apartments &amp; SPA.<\/div>\n\t\t<\/div>\n\t\t<div class=\"vbo-pkglist-pkg-bthree\">\n\t\t\t<div class=\"vbo-pkglist-pkg-cost\">\n\t\t\t\t<span class=\"vbo-pkglist-pkg-price\"><span class=\"vbo_price\">209.00<\/span> <span class=\"vbo_currency\">\u20ac<\/span><\/span>\n\t\t\t\t<span class=\"vbo-pkglist-pkg-priceper\"><\/span>\n\t\t\t<\/div>\n\t\t\t<div class=\"vbo-pkglist-pkg-details\">\n\t\t\t\t<a class=\"btn vbo-pref-color-btn\" href=\"https:\/\/palangavisit.lt\/lv\/pasiulymai-poilsis-palangoje-apartamentai-ir-spa\/?option=com_vikbooking&amp;view=packagedetails&amp;pkgid=8\">S\u012bk\u0101ka inform\u0101cija<\/a>\n\t\t\t<\/div>\n\t\t\t\t<\/div>\n\t<\/div>\n\t\t<\/div>\n\n<\/div>","protected":false},"excerpt":{"rendered":"","protected":false},"author":1,"featured_media":0,"parent":0,"menu_order":0,"comment_status":"closed","ping_status":"closed","template":"","meta":{"footnotes":""},"class_list":["post-2751","page","type-page","status-publish","hentry"],"_links":{"self":[{"href":"https:\/\/palangavisit.lt\/lv\/wp-json\/wp\/v2\/pages\/2751","targetHints":{"allow":["GET"]}}],"collection":[{"href":"https:\/\/palangavisit.lt\/lv\/wp-json\/wp\/v2\/pages"}],"about":[{"href":"https:\/\/palangavisit.lt\/lv\/wp-json\/wp\/v2\/types\/page"}],"author":[{"embeddable":true,"href":"https:\/\/palangavisit.lt\/lv\/wp-json\/wp\/v2\/users\/1"}],"replies":[{"embeddable":true,"href":"https:\/\/palangavisit.lt\/lv\/wp-json\/wp\/v2\/comments?post=2751"}],"version-history":[{"count":86,"href":"https:\/\/palangavisit.lt\/lv\/wp-json\/wp\/v2\/pages\/2751\/revisions"}],"predecessor-version":[{"id":7647,"href":"https:\/\/palangavisit.lt\/lv\/wp-json\/wp\/v2\/pages\/2751\/revisions\/7647"}],"wp:attachment":[{"href":"https:\/\/palangavisit.lt\/lv\/wp-json\/wp\/v2\/media?parent=2751"}],"curies":[{"name":"wp","href":"https:\/\/api.w.org\/{rel}","templated":true}]}}