{"id":2194,"date":"2024-03-18T14:39:23","date_gmt":"2024-03-18T12:39:23","guid":{"rendered":"https:\/\/www1.palangavisit.lt\/?page_id=2194"},"modified":"2026-03-25T12:32:35","modified_gmt":"2026-03-25T10:32:35","slug":"savaitgalis-palangoje-poilsis-palangoje","status":"publish","type":"page","link":"https:\/\/palangavisit.lt\/lv\/savaitgalis-palangoje-poilsis-palangoje\/","title":{"rendered":"Br\u012bvdienas Palang\u0101 - ned\u0113\u013cas nogale pie j\u016bras bez ierobe\u017eojumiem!"},"content":{"rendered":"","protected":false},"excerpt":{"rendered":"","protected":false},"author":1,"featured_media":0,"parent":0,"menu_order":0,"comment_status":"closed","ping_status":"closed","template":"","meta":{"footnotes":""},"class_list":["post-2194","page","type-page","status-publish","hentry"],"_links":{"self":[{"href":"https:\/\/palangavisit.lt\/lv\/wp-json\/wp\/v2\/pages\/2194","targetHints":{"allow":["GET"]}}],"collection":[{"href":"https:\/\/palangavisit.lt\/lv\/wp-json\/wp\/v2\/pages"}],"about":[{"href":"https:\/\/palangavisit.lt\/lv\/wp-json\/wp\/v2\/types\/page"}],"author":[{"embeddable":true,"href":"https:\/\/palangavisit.lt\/lv\/wp-json\/wp\/v2\/users\/1"}],"replies":[{"embeddable":true,"href":"https:\/\/palangavisit.lt\/lv\/wp-json\/wp\/v2\/comments?post=2194"}],"version-history":[{"count":91,"href":"https:\/\/palangavisit.lt\/lv\/wp-json\/wp\/v2\/pages\/2194\/revisions"}],"predecessor-version":[{"id":7959,"href":"https:\/\/palangavisit.lt\/lv\/wp-json\/wp\/v2\/pages\/2194\/revisions\/7959"}],"wp:attachment":[{"href":"https:\/\/palangavisit.lt\/lv\/wp-json\/wp\/v2\/media?parent=2194"}],"curies":[{"name":"wp","href":"https:\/\/api.w.org\/{rel}","templated":true}]}}