{"id":2116,"date":"2024-03-18T12:33:40","date_gmt":"2024-03-18T10:33:40","guid":{"rendered":"https:\/\/www1.palangavisit.lt\/?page_id=2116"},"modified":"2025-11-25T09:16:10","modified_gmt":"2025-11-25T07:16:10","slug":"ilgalaike-nuoma-palangoje-apartamentai-spa","status":"publish","type":"page","link":"https:\/\/palangavisit.lt\/lv\/ilgalaike-nuoma-palangoje-apartamentai-spa\/","title":{"rendered":"Ilgtermi\u0146a \u012bre Palang\u0101 - dz\u012bvok\u013ci Palang\u0101 Apmekl\u0113jums"},"content":{"rendered":"","protected":false},"excerpt":{"rendered":"","protected":false},"author":1,"featured_media":0,"parent":0,"menu_order":0,"comment_status":"closed","ping_status":"closed","template":"","meta":{"footnotes":""},"class_list":["post-2116","page","type-page","status-publish","hentry"],"_links":{"self":[{"href":"https:\/\/palangavisit.lt\/lv\/wp-json\/wp\/v2\/pages\/2116","targetHints":{"allow":["GET"]}}],"collection":[{"href":"https:\/\/palangavisit.lt\/lv\/wp-json\/wp\/v2\/pages"}],"about":[{"href":"https:\/\/palangavisit.lt\/lv\/wp-json\/wp\/v2\/types\/page"}],"author":[{"embeddable":true,"href":"https:\/\/palangavisit.lt\/lv\/wp-json\/wp\/v2\/users\/1"}],"replies":[{"embeddable":true,"href":"https:\/\/palangavisit.lt\/lv\/wp-json\/wp\/v2\/comments?post=2116"}],"version-history":[{"count":58,"href":"https:\/\/palangavisit.lt\/lv\/wp-json\/wp\/v2\/pages\/2116\/revisions"}],"predecessor-version":[{"id":7438,"href":"https:\/\/palangavisit.lt\/lv\/wp-json\/wp\/v2\/pages\/2116\/revisions\/7438"}],"wp:attachment":[{"href":"https:\/\/palangavisit.lt\/lv\/wp-json\/wp\/v2\/media?parent=2116"}],"curies":[{"name":"wp","href":"https:\/\/api.w.org\/{rel}","templated":true}]}}