{"id":1383,"date":"2024-03-15T17:13:24","date_gmt":"2024-03-15T15:13:24","guid":{"rendered":"https:\/\/www1.palangavisit.lt\/?page_id=1383"},"modified":"2026-02-12T15:50:58","modified_gmt":"2026-02-12T13:50:58","slug":"spa-palangoje-masazai-ir-grozio-paslaugos","status":"publish","type":"page","link":"https:\/\/palangavisit.lt\/lv\/spa-palangoje-masazai-ir-grozio-paslaugos\/","title":{"rendered":"Mas\u0101\u017eas un skaistumkop\u0161anas pakalpojumi"},"content":{"rendered":"","protected":false},"excerpt":{"rendered":"","protected":false},"author":1,"featured_media":0,"parent":0,"menu_order":0,"comment_status":"closed","ping_status":"closed","template":"","meta":{"footnotes":""},"class_list":["post-1383","page","type-page","status-publish","hentry"],"_links":{"self":[{"href":"https:\/\/palangavisit.lt\/lv\/wp-json\/wp\/v2\/pages\/1383","targetHints":{"allow":["GET"]}}],"collection":[{"href":"https:\/\/palangavisit.lt\/lv\/wp-json\/wp\/v2\/pages"}],"about":[{"href":"https:\/\/palangavisit.lt\/lv\/wp-json\/wp\/v2\/types\/page"}],"author":[{"embeddable":true,"href":"https:\/\/palangavisit.lt\/lv\/wp-json\/wp\/v2\/users\/1"}],"replies":[{"embeddable":true,"href":"https:\/\/palangavisit.lt\/lv\/wp-json\/wp\/v2\/comments?post=1383"}],"version-history":[{"count":100,"href":"https:\/\/palangavisit.lt\/lv\/wp-json\/wp\/v2\/pages\/1383\/revisions"}],"predecessor-version":[{"id":7779,"href":"https:\/\/palangavisit.lt\/lv\/wp-json\/wp\/v2\/pages\/1383\/revisions\/7779"}],"wp:attachment":[{"href":"https:\/\/palangavisit.lt\/lv\/wp-json\/wp\/v2\/media?parent=1383"}],"curies":[{"name":"wp","href":"https:\/\/api.w.org\/{rel}","templated":true}]}}