{"id":7884,"date":"2026-03-19T14:02:38","date_gmt":"2026-03-19T12:02:38","guid":{"rendered":"https:\/\/palangavisit.lt\/?page_id=7884"},"modified":"2026-03-19T14:16:06","modified_gmt":"2026-03-19T12:16:06","slug":"velykos-palangoje-ilgas-savaitgalis-be-apribojimu","status":"publish","type":"page","link":"https:\/\/palangavisit.lt\/en\/velykos-palangoje-ilgas-savaitgalis-be-apribojimu\/","title":{"rendered":"Velykos Palangoje \u2013 specialus ilgojo savaitgalio prie j\u016bros pasi\u016blymas be apribojim\u0173!"},"content":{"rendered":"","protected":false},"excerpt":{"rendered":"","protected":false},"author":6,"featured_media":0,"parent":0,"menu_order":0,"comment_status":"closed","ping_status":"closed","template":"","meta":{"footnotes":""},"class_list":["post-7884","page","type-page","status-publish","hentry"],"_links":{"self":[{"href":"https:\/\/palangavisit.lt\/en\/wp-json\/wp\/v2\/pages\/7884","targetHints":{"allow":["GET"]}}],"collection":[{"href":"https:\/\/palangavisit.lt\/en\/wp-json\/wp\/v2\/pages"}],"about":[{"href":"https:\/\/palangavisit.lt\/en\/wp-json\/wp\/v2\/types\/page"}],"author":[{"embeddable":true,"href":"https:\/\/palangavisit.lt\/en\/wp-json\/wp\/v2\/users\/6"}],"replies":[{"embeddable":true,"href":"https:\/\/palangavisit.lt\/en\/wp-json\/wp\/v2\/comments?post=7884"}],"version-history":[{"count":6,"href":"https:\/\/palangavisit.lt\/en\/wp-json\/wp\/v2\/pages\/7884\/revisions"}],"predecessor-version":[{"id":7892,"href":"https:\/\/palangavisit.lt\/en\/wp-json\/wp\/v2\/pages\/7884\/revisions\/7892"}],"wp:attachment":[{"href":"https:\/\/palangavisit.lt\/en\/wp-json\/wp\/v2\/media?parent=7884"}],"curies":[{"name":"wp","href":"https:\/\/api.w.org\/{rel}","templated":true}]}}