{"id":2152,"date":"2024-03-18T13:54:34","date_gmt":"2024-03-18T11:54:34","guid":{"rendered":"https:\/\/www1.palangavisit.lt\/?page_id=2152"},"modified":"2024-03-19T20:32:40","modified_gmt":"2024-03-19T18:32:40","slug":"vasaros-pasiulymai-apartamentai-spa-palangoje","status":"publish","type":"page","link":"https:\/\/palangavisit.lt\/en\/vasaros-pasiulymai-apartamentai-spa-palangoje\/","title":{"rendered":"SPA Palangoje, apartamentai \u2013 Vasaros pasi\u016blymai j\u016bs\u0173 poilsiui Palangoje"},"content":{"rendered":"","protected":false},"excerpt":{"rendered":"","protected":false},"author":1,"featured_media":0,"parent":0,"menu_order":0,"comment_status":"closed","ping_status":"closed","template":"","meta":{"footnotes":""},"class_list":["post-2152","page","type-page","status-publish","hentry"],"_links":{"self":[{"href":"https:\/\/palangavisit.lt\/en\/wp-json\/wp\/v2\/pages\/2152","targetHints":{"allow":["GET"]}}],"collection":[{"href":"https:\/\/palangavisit.lt\/en\/wp-json\/wp\/v2\/pages"}],"about":[{"href":"https:\/\/palangavisit.lt\/en\/wp-json\/wp\/v2\/types\/page"}],"author":[{"embeddable":true,"href":"https:\/\/palangavisit.lt\/en\/wp-json\/wp\/v2\/users\/1"}],"replies":[{"embeddable":true,"href":"https:\/\/palangavisit.lt\/en\/wp-json\/wp\/v2\/comments?post=2152"}],"version-history":[{"count":23,"href":"https:\/\/palangavisit.lt\/en\/wp-json\/wp\/v2\/pages\/2152\/revisions"}],"predecessor-version":[{"id":2253,"href":"https:\/\/palangavisit.lt\/en\/wp-json\/wp\/v2\/pages\/2152\/revisions\/2253"}],"wp:attachment":[{"href":"https:\/\/palangavisit.lt\/en\/wp-json\/wp\/v2\/media?parent=2152"}],"curies":[{"name":"wp","href":"https:\/\/api.w.org\/{rel}","templated":true}]}}